{"id":262,"date":"2026-01-13T16:44:33","date_gmt":"2026-01-13T16:44:33","guid":{"rendered":"https:\/\/www.iesvirtual.net\/?post_type=product&#038;p=262"},"modified":"2026-01-13T17:10:11","modified_gmt":"2026-01-13T17:10:11","slug":"ejemplo","status":"publish","type":"product","link":"https:\/\/www.iesvirtual.net\/gl\/produto\/ejemplo\/","title":{"rendered":"EJEMPLO"},"content":{"rendered":"<p>Ejemplo 1<\/p>","protected":false},"excerpt":{"rendered":"<p>Ejmplo de desc corta<\/p>","protected":false},"featured_media":0,"comment_status":"open","ping_status":"closed","template":"","meta":[],"product_brand":[],"product_cat":[25],"product_tag":[],"class_list":{"0":"post-262","1":"product","2":"type-product","3":"status-publish","5":"product_cat-sin-categorizar","7":"first","8":"instock","9":"virtual","10":"purchasable","11":"product-type-simple"},"yoast_head":"<!-- This site is optimized with the Yoast SEO plugin v27.3 - https:\/\/yoast.com\/product\/yoast-seo-wordpress\/ -->\n<title>EJEMPLO | IES VIRTUAL - CONSULTORA EDUCATIVA<\/title>\n<meta name=\"robots\" content=\"index, follow, max-snippet:-1, max-image-preview:large, max-video-preview:-1\" \/>\n<link rel=\"canonical\" href=\"https:\/\/www.iesvirtual.net\/gl\/produto\/ejemplo\/\" \/>\n<meta property=\"og:locale\" content=\"gl_ES\" \/>\n<meta property=\"og:type\" content=\"article\" \/>\n<meta property=\"og:title\" content=\"EJEMPLO | IES VIRTUAL - CONSULTORA EDUCATIVA\" \/>\n<meta property=\"og:description\" content=\"Ejmplo de desc corta\" \/>\n<meta property=\"og:url\" content=\"https:\/\/www.iesvirtual.net\/gl\/produto\/ejemplo\/\" \/>\n<meta property=\"og:site_name\" content=\"IES VIRTUAL - CONSULTORA EDUCATIVA\" \/>\n<meta property=\"article:modified_time\" content=\"2026-01-13T17:10:11+00:00\" \/>\n<meta property=\"og:image\" content=\"https:\/\/www.iesvirtual.net\/wp-content\/uploads\/2024\/10\/IES_VIrtual-SOCIAL.png\" \/>\n\t<meta property=\"og:image:width\" content=\"1200\" \/>\n\t<meta property=\"og:image:height\" content=\"675\" \/>\n\t<meta property=\"og:image:type\" content=\"image\/png\" \/>\n<meta name=\"twitter:card\" content=\"summary_large_image\" \/>\n<meta name=\"twitter:site\" content=\"@lexandret\" \/>\n<meta name=\"twitter:label1\" content=\"Tempo de lectura\" \/>\n\t<meta name=\"twitter:data1\" content=\"1 minuto\" \/>\n<script type=\"application\/ld+json\" class=\"yoast-schema-graph\">{\"@context\":\"https:\\\/\\\/schema.org\",\"@graph\":[{\"@type\":\"WebPage\",\"@id\":\"https:\\\/\\\/www.iesvirtual.net\\\/producto\\\/ejemplo\\\/\",\"url\":\"https:\\\/\\\/www.iesvirtual.net\\\/producto\\\/ejemplo\\\/\",\"name\":\"EJEMPLO | IES VIRTUAL - CONSULTORA EDUCATIVA\",\"isPartOf\":{\"@id\":\"https:\\\/\\\/www.iesvirtual.net\\\/#website\"},\"datePublished\":\"2026-01-13T16:44:33+00:00\",\"dateModified\":\"2026-01-13T17:10:11+00:00\",\"breadcrumb\":{\"@id\":\"https:\\\/\\\/www.iesvirtual.net\\\/producto\\\/ejemplo\\\/#breadcrumb\"},\"inLanguage\":\"gl-ES\",\"potentialAction\":[{\"@type\":\"ReadAction\",\"target\":[\"https:\\\/\\\/www.iesvirtual.net\\\/producto\\\/ejemplo\\\/\"]}]},{\"@type\":\"BreadcrumbList\",\"@id\":\"https:\\\/\\\/www.iesvirtual.net\\\/producto\\\/ejemplo\\\/#breadcrumb\",\"itemListElement\":[{\"@type\":\"ListItem\",\"position\":1,\"name\":\"Portada\",\"item\":\"https:\\\/\\\/www.iesvirtual.net\\\/\"},{\"@type\":\"ListItem\",\"position\":2,\"name\":\"Tienda\",\"item\":\"https:\\\/\\\/www.iesvirtual.net\\\/tienda\\\/\"},{\"@type\":\"ListItem\",\"position\":3,\"name\":\"EJEMPLO\"}]},{\"@type\":\"WebSite\",\"@id\":\"https:\\\/\\\/www.iesvirtual.net\\\/#website\",\"url\":\"https:\\\/\\\/www.iesvirtual.net\\\/\",\"name\":\"IES VIRTUAL - CONSULTORA EDUCATIVA\",\"description\":\"Lic. Alexandre Texeira Bondelas, MEd.\",\"publisher\":{\"@id\":\"https:\\\/\\\/www.iesvirtual.net\\\/#\\\/schema\\\/person\\\/30a390f59aff79705956fe5f713df4de\"},\"alternateName\":\"IESVIRTUAL\",\"potentialAction\":[{\"@type\":\"SearchAction\",\"target\":{\"@type\":\"EntryPoint\",\"urlTemplate\":\"https:\\\/\\\/www.iesvirtual.net\\\/?s={search_term_string}\"},\"query-input\":{\"@type\":\"PropertyValueSpecification\",\"valueRequired\":true,\"valueName\":\"search_term_string\"}}],\"inLanguage\":\"gl-ES\"},{\"@type\":[\"Person\",\"Organization\"],\"@id\":\"https:\\\/\\\/www.iesvirtual.net\\\/#\\\/schema\\\/person\\\/30a390f59aff79705956fe5f713df4de\",\"name\":\"Alexandre Texeira Bondelas\",\"image\":{\"@type\":\"ImageObject\",\"inLanguage\":\"gl-ES\",\"@id\":\"https:\\\/\\\/www.iesvirtual.net\\\/wp-content\\\/uploads\\\/2024\\\/08\\\/3-IESVITUAL-sinbg.png\",\"url\":\"https:\\\/\\\/www.iesvirtual.net\\\/wp-content\\\/uploads\\\/2024\\\/08\\\/3-IESVITUAL-sinbg.png\",\"contentUrl\":\"https:\\\/\\\/www.iesvirtual.net\\\/wp-content\\\/uploads\\\/2024\\\/08\\\/3-IESVITUAL-sinbg.png\",\"width\":500,\"height\":500,\"caption\":\"Alexandre Texeira Bondelas\"},\"logo\":{\"@id\":\"https:\\\/\\\/www.iesvirtual.net\\\/wp-content\\\/uploads\\\/2024\\\/08\\\/3-IESVITUAL-sinbg.png\"},\"description\":\"Es licenciado en educaci\u00f3n por la Universidad de la Rep\u00fablica (Uruguay), Candidato a M\u00e1ster Universitario en Investigaci\u00f3n Educativa por la Universidad Internacional de Valencia(Espa\u00f1a).\",\"sameAs\":[\"https:\\\/\\\/www.linkedin.com\\\/in\\\/atexeira\\\/\",\"https:\\\/\\\/x.com\\\/lexandret\"]}]}<\/script>\n<!-- \/ Yoast SEO plugin. -->","yoast_head_json":{"title":"EJEMPLO | IES VIRTUAL - CONSULTORA EDUCATIVA","robots":{"index":"index","follow":"follow","max-snippet":"max-snippet:-1","max-image-preview":"max-image-preview:large","max-video-preview":"max-video-preview:-1"},"canonical":"https:\/\/www.iesvirtual.net\/gl\/produto\/ejemplo\/","og_locale":"gl_ES","og_type":"article","og_title":"EJEMPLO | IES VIRTUAL - CONSULTORA EDUCATIVA","og_description":"Ejmplo de desc corta","og_url":"https:\/\/www.iesvirtual.net\/gl\/produto\/ejemplo\/","og_site_name":"IES VIRTUAL - CONSULTORA EDUCATIVA","article_modified_time":"2026-01-13T17:10:11+00:00","og_image":[{"width":1200,"height":675,"url":"https:\/\/www.iesvirtual.net\/wp-content\/uploads\/2024\/10\/IES_VIrtual-SOCIAL.png","type":"image\/png"}],"twitter_card":"summary_large_image","twitter_site":"@lexandret","twitter_misc":{"Tempo de lectura":"1 minuto"},"schema":{"@context":"https:\/\/schema.org","@graph":[{"@type":"WebPage","@id":"https:\/\/www.iesvirtual.net\/producto\/ejemplo\/","url":"https:\/\/www.iesvirtual.net\/producto\/ejemplo\/","name":"EJEMPLO | IES VIRTUAL - CONSULTORA EDUCATIVA","isPartOf":{"@id":"https:\/\/www.iesvirtual.net\/#website"},"datePublished":"2026-01-13T16:44:33+00:00","dateModified":"2026-01-13T17:10:11+00:00","breadcrumb":{"@id":"https:\/\/www.iesvirtual.net\/producto\/ejemplo\/#breadcrumb"},"inLanguage":"gl-ES","potentialAction":[{"@type":"ReadAction","target":["https:\/\/www.iesvirtual.net\/producto\/ejemplo\/"]}]},{"@type":"BreadcrumbList","@id":"https:\/\/www.iesvirtual.net\/producto\/ejemplo\/#breadcrumb","itemListElement":[{"@type":"ListItem","position":1,"name":"Portada","item":"https:\/\/www.iesvirtual.net\/"},{"@type":"ListItem","position":2,"name":"Tienda","item":"https:\/\/www.iesvirtual.net\/tienda\/"},{"@type":"ListItem","position":3,"name":"EJEMPLO"}]},{"@type":"WebSite","@id":"https:\/\/www.iesvirtual.net\/#website","url":"https:\/\/www.iesvirtual.net\/","name":"IES VIRTUAL - CONSULTORA EDUCATIVA","description":"Lic. Alexandre Texeira Bondelas, MEd.","publisher":{"@id":"https:\/\/www.iesvirtual.net\/#\/schema\/person\/30a390f59aff79705956fe5f713df4de"},"alternateName":"IESVIRTUAL","potentialAction":[{"@type":"SearchAction","target":{"@type":"EntryPoint","urlTemplate":"https:\/\/www.iesvirtual.net\/?s={search_term_string}"},"query-input":{"@type":"PropertyValueSpecification","valueRequired":true,"valueName":"search_term_string"}}],"inLanguage":"gl-ES"},{"@type":["Person","Organization"],"@id":"https:\/\/www.iesvirtual.net\/#\/schema\/person\/30a390f59aff79705956fe5f713df4de","name":"Alexandre Texeira Bondelas","image":{"@type":"ImageObject","inLanguage":"gl-ES","@id":"https:\/\/www.iesvirtual.net\/wp-content\/uploads\/2024\/08\/3-IESVITUAL-sinbg.png","url":"https:\/\/www.iesvirtual.net\/wp-content\/uploads\/2024\/08\/3-IESVITUAL-sinbg.png","contentUrl":"https:\/\/www.iesvirtual.net\/wp-content\/uploads\/2024\/08\/3-IESVITUAL-sinbg.png","width":500,"height":500,"caption":"Alexandre Texeira Bondelas"},"logo":{"@id":"https:\/\/www.iesvirtual.net\/wp-content\/uploads\/2024\/08\/3-IESVITUAL-sinbg.png"},"description":"Es licenciado en educaci\u00f3n por la Universidad de la Rep\u00fablica (Uruguay), Candidato a M\u00e1ster Universitario en Investigaci\u00f3n Educativa por la Universidad Internacional de Valencia(Espa\u00f1a).","sameAs":["https:\/\/www.linkedin.com\/in\/atexeira\/","https:\/\/x.com\/lexandret"]}]}},"_links":{"self":[{"href":"https:\/\/www.iesvirtual.net\/gl\/wp-json\/wp\/v2\/product\/262","targetHints":{"allow":["GET"]}}],"collection":[{"href":"https:\/\/www.iesvirtual.net\/gl\/wp-json\/wp\/v2\/product"}],"about":[{"href":"https:\/\/www.iesvirtual.net\/gl\/wp-json\/wp\/v2\/types\/product"}],"replies":[{"embeddable":true,"href":"https:\/\/www.iesvirtual.net\/gl\/wp-json\/wp\/v2\/comments?post=262"}],"wp:attachment":[{"href":"https:\/\/www.iesvirtual.net\/gl\/wp-json\/wp\/v2\/media?parent=262"}],"wp:term":[{"taxonomy":"product_brand","embeddable":true,"href":"https:\/\/www.iesvirtual.net\/gl\/wp-json\/wp\/v2\/product_brand?post=262"},{"taxonomy":"product_cat","embeddable":true,"href":"https:\/\/www.iesvirtual.net\/gl\/wp-json\/wp\/v2\/product_cat?post=262"},{"taxonomy":"product_tag","embeddable":true,"href":"https:\/\/www.iesvirtual.net\/gl\/wp-json\/wp\/v2\/product_tag?post=262"}],"curies":[{"name":"wp","href":"https:\/\/api.w.org\/{rel}","templated":true}]}}