{"id":68,"date":"2024-08-08T18:24:14","date_gmt":"2024-08-08T18:24:14","guid":{"rendered":"https:\/\/www.iesvirtual.net\/?page_id=68"},"modified":"2024-08-29T17:49:31","modified_gmt":"2024-08-29T17:49:31","slug":"ayudamos-a-instituciones","status":"publish","type":"page","link":"https:\/\/www.iesvirtual.net\/gl\/ayudamos-a-instituciones\/","title":{"rendered":"Ayudamos a instituciones"},"content":{"rendered":"<ul class=\"wp-block-list\">\n<li>Dise\u00f1amos e implementamos campus virtuales para instituciones educativas<\/li>\n\n\n\n<li>Ayudamos en el dise\u00f1o de cursos para formaciones online, presencial o mixtas<\/li>\n\n\n\n<li>Realizamos asesor\u00edas y consultor\u00eda especializadas <\/li>\n\n\n\n<li>Dise\u00f1amos e implementamos programas formativos<\/li>\n\n\n\n<li>Brindamos talleres y cursos para el profesorado<\/li>\n<\/ul>\n\n\n\n<pre class=\"wp-block-verse\"><em>\u00a1Cont\u00e1ctanos y te contamos m\u00e1s!<\/em><\/pre>","protected":false},"excerpt":{"rendered":"<p>\u00a1Cont\u00e1ctanos y te contamos m\u00e1s!<\/p>","protected":false},"author":1,"featured_media":0,"parent":0,"menu_order":0,"comment_status":"closed","ping_status":"closed","template":"","meta":{"footnotes":""},"class_list":["post-68","page","type-page","status-publish","hentry"],"yoast_head":"<!-- This site is optimized with the Yoast SEO plugin v27.3 - https:\/\/yoast.com\/product\/yoast-seo-wordpress\/ -->\n<title>IES VIRTUAL - CONSULTORA EDUCATIVA | Ayudamos a instituciones<\/title>\n<meta name=\"description\" content=\"Colaboramos con instituciones en el dise\u00f1o curricular innovador y tambi\u00e9n ayudamos a implementarlo, planes de investigaci\u00f3n e intervenciones socio educativas.\" \/>\n<meta name=\"robots\" content=\"index, follow, max-snippet:-1, max-image-preview:large, max-video-preview:-1\" \/>\n<link rel=\"canonical\" href=\"https:\/\/www.iesvirtual.net\/gl\/ayudamos-a-instituciones\/\" \/>\n<meta property=\"og:locale\" content=\"gl_ES\" \/>\n<meta property=\"og:type\" content=\"article\" \/>\n<meta property=\"og:title\" content=\"IES VIRTUAL - CONSULTORA EDUCATIVA | Ayudamos a instituciones\" \/>\n<meta property=\"og:description\" content=\"Colaboramos con instituciones en el dise\u00f1o curricular innovador y tambi\u00e9n ayudamos a implementarlo, planes de investigaci\u00f3n e intervenciones socio educativas.\" \/>\n<meta property=\"og:url\" content=\"https:\/\/www.iesvirtual.net\/gl\/ayudamos-a-instituciones\/\" \/>\n<meta property=\"og:site_name\" content=\"IES VIRTUAL - CONSULTORA EDUCATIVA\" \/>\n<meta property=\"article:modified_time\" content=\"2024-08-29T17:49:31+00:00\" \/>\n<meta property=\"og:image\" content=\"https:\/\/www.iesvirtual.net\/wp-content\/uploads\/2024\/10\/IES_VIrtual-SOCIAL.png\" \/>\n\t<meta property=\"og:image:width\" content=\"1200\" \/>\n\t<meta property=\"og:image:height\" content=\"675\" \/>\n\t<meta property=\"og:image:type\" content=\"image\/png\" \/>\n<meta name=\"twitter:card\" content=\"summary_large_image\" \/>\n<meta name=\"twitter:site\" content=\"@lexandret\" \/>\n<meta name=\"twitter:label1\" content=\"Tempo de lectura\" \/>\n\t<meta name=\"twitter:data1\" content=\"1 minuto\" \/>\n<script type=\"application\/ld+json\" class=\"yoast-schema-graph\">{\"@context\":\"https:\\\/\\\/schema.org\",\"@graph\":[{\"@type\":\"WebPage\",\"@id\":\"https:\\\/\\\/www.iesvirtual.net\\\/ayudamos-a-instituciones\\\/\",\"url\":\"https:\\\/\\\/www.iesvirtual.net\\\/ayudamos-a-instituciones\\\/\",\"name\":\"IES VIRTUAL - CONSULTORA EDUCATIVA | Ayudamos a instituciones\",\"isPartOf\":{\"@id\":\"https:\\\/\\\/www.iesvirtual.net\\\/#website\"},\"datePublished\":\"2024-08-08T18:24:14+00:00\",\"dateModified\":\"2024-08-29T17:49:31+00:00\",\"description\":\"Colaboramos con instituciones en el dise\u00f1o curricular innovador y tambi\u00e9n ayudamos a implementarlo, planes de investigaci\u00f3n e intervenciones socio educativas.\",\"breadcrumb\":{\"@id\":\"https:\\\/\\\/www.iesvirtual.net\\\/ayudamos-a-instituciones\\\/#breadcrumb\"},\"inLanguage\":\"gl-ES\",\"potentialAction\":[{\"@type\":\"ReadAction\",\"target\":[\"https:\\\/\\\/www.iesvirtual.net\\\/ayudamos-a-instituciones\\\/\"]}]},{\"@type\":\"BreadcrumbList\",\"@id\":\"https:\\\/\\\/www.iesvirtual.net\\\/ayudamos-a-instituciones\\\/#breadcrumb\",\"itemListElement\":[{\"@type\":\"ListItem\",\"position\":1,\"name\":\"Portada\",\"item\":\"https:\\\/\\\/www.iesvirtual.net\\\/\"},{\"@type\":\"ListItem\",\"position\":2,\"name\":\"Ayudamos a instituciones\"}]},{\"@type\":\"WebSite\",\"@id\":\"https:\\\/\\\/www.iesvirtual.net\\\/#website\",\"url\":\"https:\\\/\\\/www.iesvirtual.net\\\/\",\"name\":\"IES VIRTUAL - CONSULTORA EDUCATIVA\",\"description\":\"Lic. Alexandre Texeira Bondelas, MEd.\",\"publisher\":{\"@id\":\"https:\\\/\\\/www.iesvirtual.net\\\/#\\\/schema\\\/person\\\/30a390f59aff79705956fe5f713df4de\"},\"alternateName\":\"IESVIRTUAL\",\"potentialAction\":[{\"@type\":\"SearchAction\",\"target\":{\"@type\":\"EntryPoint\",\"urlTemplate\":\"https:\\\/\\\/www.iesvirtual.net\\\/?s={search_term_string}\"},\"query-input\":{\"@type\":\"PropertyValueSpecification\",\"valueRequired\":true,\"valueName\":\"search_term_string\"}}],\"inLanguage\":\"gl-ES\"},{\"@type\":[\"Person\",\"Organization\"],\"@id\":\"https:\\\/\\\/www.iesvirtual.net\\\/#\\\/schema\\\/person\\\/30a390f59aff79705956fe5f713df4de\",\"name\":\"Alexandre Texeira Bondelas\",\"image\":{\"@type\":\"ImageObject\",\"inLanguage\":\"gl-ES\",\"@id\":\"https:\\\/\\\/www.iesvirtual.net\\\/wp-content\\\/uploads\\\/2024\\\/08\\\/3-IESVITUAL-sinbg.png\",\"url\":\"https:\\\/\\\/www.iesvirtual.net\\\/wp-content\\\/uploads\\\/2024\\\/08\\\/3-IESVITUAL-sinbg.png\",\"contentUrl\":\"https:\\\/\\\/www.iesvirtual.net\\\/wp-content\\\/uploads\\\/2024\\\/08\\\/3-IESVITUAL-sinbg.png\",\"width\":500,\"height\":500,\"caption\":\"Alexandre Texeira Bondelas\"},\"logo\":{\"@id\":\"https:\\\/\\\/www.iesvirtual.net\\\/wp-content\\\/uploads\\\/2024\\\/08\\\/3-IESVITUAL-sinbg.png\"},\"description\":\"Es licenciado en educaci\u00f3n por la Universidad de la Rep\u00fablica (Uruguay), Candidato a M\u00e1ster Universitario en Investigaci\u00f3n Educativa por la Universidad Internacional de Valencia(Espa\u00f1a).\",\"sameAs\":[\"https:\\\/\\\/www.linkedin.com\\\/in\\\/atexeira\\\/\",\"https:\\\/\\\/x.com\\\/lexandret\"]}]}<\/script>\n<!-- \/ Yoast SEO plugin. -->","yoast_head_json":{"title":"IES VIRTUAL - CONSULTORA EDUCATIVA | Ayudamos a instituciones","description":"Colaboramos con instituciones en el dise\u00f1o curricular innovador y tambi\u00e9n ayudamos a implementarlo, planes de investigaci\u00f3n e intervenciones socio educativas.","robots":{"index":"index","follow":"follow","max-snippet":"max-snippet:-1","max-image-preview":"max-image-preview:large","max-video-preview":"max-video-preview:-1"},"canonical":"https:\/\/www.iesvirtual.net\/gl\/ayudamos-a-instituciones\/","og_locale":"gl_ES","og_type":"article","og_title":"IES VIRTUAL - CONSULTORA EDUCATIVA | Ayudamos a instituciones","og_description":"Colaboramos con instituciones en el dise\u00f1o curricular innovador y tambi\u00e9n ayudamos a implementarlo, planes de investigaci\u00f3n e intervenciones socio educativas.","og_url":"https:\/\/www.iesvirtual.net\/gl\/ayudamos-a-instituciones\/","og_site_name":"IES VIRTUAL - CONSULTORA EDUCATIVA","article_modified_time":"2024-08-29T17:49:31+00:00","og_image":[{"width":1200,"height":675,"url":"https:\/\/www.iesvirtual.net\/wp-content\/uploads\/2024\/10\/IES_VIrtual-SOCIAL.png","type":"image\/png"}],"twitter_card":"summary_large_image","twitter_site":"@lexandret","twitter_misc":{"Tempo de lectura":"1 minuto"},"schema":{"@context":"https:\/\/schema.org","@graph":[{"@type":"WebPage","@id":"https:\/\/www.iesvirtual.net\/ayudamos-a-instituciones\/","url":"https:\/\/www.iesvirtual.net\/ayudamos-a-instituciones\/","name":"IES VIRTUAL - CONSULTORA EDUCATIVA | Ayudamos a instituciones","isPartOf":{"@id":"https:\/\/www.iesvirtual.net\/#website"},"datePublished":"2024-08-08T18:24:14+00:00","dateModified":"2024-08-29T17:49:31+00:00","description":"Colaboramos con instituciones en el dise\u00f1o curricular innovador y tambi\u00e9n ayudamos a implementarlo, planes de investigaci\u00f3n e intervenciones socio educativas.","breadcrumb":{"@id":"https:\/\/www.iesvirtual.net\/ayudamos-a-instituciones\/#breadcrumb"},"inLanguage":"gl-ES","potentialAction":[{"@type":"ReadAction","target":["https:\/\/www.iesvirtual.net\/ayudamos-a-instituciones\/"]}]},{"@type":"BreadcrumbList","@id":"https:\/\/www.iesvirtual.net\/ayudamos-a-instituciones\/#breadcrumb","itemListElement":[{"@type":"ListItem","position":1,"name":"Portada","item":"https:\/\/www.iesvirtual.net\/"},{"@type":"ListItem","position":2,"name":"Ayudamos a instituciones"}]},{"@type":"WebSite","@id":"https:\/\/www.iesvirtual.net\/#website","url":"https:\/\/www.iesvirtual.net\/","name":"IES VIRTUAL - CONSULTORA EDUCATIVA","description":"Lic. Alexandre Texeira Bondelas, MEd.","publisher":{"@id":"https:\/\/www.iesvirtual.net\/#\/schema\/person\/30a390f59aff79705956fe5f713df4de"},"alternateName":"IESVIRTUAL","potentialAction":[{"@type":"SearchAction","target":{"@type":"EntryPoint","urlTemplate":"https:\/\/www.iesvirtual.net\/?s={search_term_string}"},"query-input":{"@type":"PropertyValueSpecification","valueRequired":true,"valueName":"search_term_string"}}],"inLanguage":"gl-ES"},{"@type":["Person","Organization"],"@id":"https:\/\/www.iesvirtual.net\/#\/schema\/person\/30a390f59aff79705956fe5f713df4de","name":"Alexandre Texeira Bondelas","image":{"@type":"ImageObject","inLanguage":"gl-ES","@id":"https:\/\/www.iesvirtual.net\/wp-content\/uploads\/2024\/08\/3-IESVITUAL-sinbg.png","url":"https:\/\/www.iesvirtual.net\/wp-content\/uploads\/2024\/08\/3-IESVITUAL-sinbg.png","contentUrl":"https:\/\/www.iesvirtual.net\/wp-content\/uploads\/2024\/08\/3-IESVITUAL-sinbg.png","width":500,"height":500,"caption":"Alexandre Texeira Bondelas"},"logo":{"@id":"https:\/\/www.iesvirtual.net\/wp-content\/uploads\/2024\/08\/3-IESVITUAL-sinbg.png"},"description":"Es licenciado en educaci\u00f3n por la Universidad de la Rep\u00fablica (Uruguay), Candidato a M\u00e1ster Universitario en Investigaci\u00f3n Educativa por la Universidad Internacional de Valencia(Espa\u00f1a).","sameAs":["https:\/\/www.linkedin.com\/in\/atexeira\/","https:\/\/x.com\/lexandret"]}]}},"_links":{"self":[{"href":"https:\/\/www.iesvirtual.net\/gl\/wp-json\/wp\/v2\/pages\/68","targetHints":{"allow":["GET"]}}],"collection":[{"href":"https:\/\/www.iesvirtual.net\/gl\/wp-json\/wp\/v2\/pages"}],"about":[{"href":"https:\/\/www.iesvirtual.net\/gl\/wp-json\/wp\/v2\/types\/page"}],"author":[{"embeddable":true,"href":"https:\/\/www.iesvirtual.net\/gl\/wp-json\/wp\/v2\/users\/1"}],"replies":[{"embeddable":true,"href":"https:\/\/www.iesvirtual.net\/gl\/wp-json\/wp\/v2\/comments?post=68"}],"version-history":[{"count":2,"href":"https:\/\/www.iesvirtual.net\/gl\/wp-json\/wp\/v2\/pages\/68\/revisions"}],"predecessor-version":[{"id":169,"href":"https:\/\/www.iesvirtual.net\/gl\/wp-json\/wp\/v2\/pages\/68\/revisions\/169"}],"wp:attachment":[{"href":"https:\/\/www.iesvirtual.net\/gl\/wp-json\/wp\/v2\/media?parent=68"}],"curies":[{"name":"wp","href":"https:\/\/api.w.org\/{rel}","templated":true}]}}