{"id":242,"date":"2025-10-05T18:52:44","date_gmt":"2025-10-05T18:52:44","guid":{"rendered":"https:\/\/www.iesvirtual.net\/?page_id=242"},"modified":"2025-10-05T19:14:01","modified_gmt":"2025-10-05T19:14:01","slug":"asesoria-academica","status":"publish","type":"page","link":"https:\/\/www.iesvirtual.net\/gl\/asesoria-academica\/","title":{"rendered":"Asesor\u00eda Acad\u00e9mica"},"content":{"rendered":"<div class=\"wp-block-cover alignfull\"><img loading=\"lazy\" decoding=\"async\" width=\"683\" height=\"1024\" class=\"wp-block-cover__image-background wp-image-248\" alt=\"Imagen de varios libros y alguien est\u00e1 leyendo uno\" src=\"https:\/\/www.iesvirtual.net\/wp-content\/uploads\/2025\/10\/from-man-enjoying-reading-wooden-floor-683x1024.jpg\" data-object-fit=\"cover\" srcset=\"https:\/\/www.iesvirtual.net\/wp-content\/uploads\/2025\/10\/from-man-enjoying-reading-wooden-floor-683x1024.jpg 683w, https:\/\/www.iesvirtual.net\/wp-content\/uploads\/2025\/10\/from-man-enjoying-reading-wooden-floor-200x300.jpg 200w, https:\/\/www.iesvirtual.net\/wp-content\/uploads\/2025\/10\/from-man-enjoying-reading-wooden-floor-768x1152.jpg 768w, https:\/\/www.iesvirtual.net\/wp-content\/uploads\/2025\/10\/from-man-enjoying-reading-wooden-floor-1024x1536.jpg 1024w, https:\/\/www.iesvirtual.net\/wp-content\/uploads\/2025\/10\/from-man-enjoying-reading-wooden-floor-1365x2048.jpg 1365w, https:\/\/www.iesvirtual.net\/wp-content\/uploads\/2025\/10\/from-man-enjoying-reading-wooden-floor-8x12.jpg 8w, https:\/\/www.iesvirtual.net\/wp-content\/uploads\/2025\/10\/from-man-enjoying-reading-wooden-floor-600x900.jpg 600w, https:\/\/www.iesvirtual.net\/wp-content\/uploads\/2025\/10\/from-man-enjoying-reading-wooden-floor-scaled.jpg 1707w\" sizes=\"auto, (max-width: 683px) 100vw, 683px\" \/><span aria-hidden=\"true\" class=\"wp-block-cover__background has-background-dim\"><\/span><div class=\"wp-block-cover__inner-container is-layout-flow wp-block-cover-is-layout-flow\">\n<h2 class=\"wp-block-heading\"><strong>Correcci\u00f3n y acompa\u00f1amiento en escritura acad\u00e9mica<\/strong><\/h2>\n<\/div><\/div>\n\n\n\n<p class=\"has-medium-font-size\"><strong>Correcci\u00f3n ortotipogr\u00e1fica y de estilo<\/strong><\/p>\n\n\n\n<p>Perfeccionamos tu redacci\u00f3n, gram\u00e1tica y coherencia.<\/p>\n\n\n\n<p><strong>Normas de citado y referenciaci\u00f3n (APA, ABNT, ISO&#8230;)<\/strong><\/p>\n\n\n\n<p>Verificamos formato, citas y bibliograf\u00eda.<\/p>\n\n\n\n<p><strong>Acompa\u00f1amiento metodol\u00f3gico<\/strong><\/p>\n\n\n\n<p>Te guiamos en la construcci\u00f3n de cap\u00edtulos, objetivos y an\u00e1lisis.<\/p>\n\n\n\n<p><strong>Tutor\u00eda personalizada<\/strong><\/p>\n\n\n\n<p>Te orientamos durante todo el proceso de escritura.<\/p>\n\n\n\n<ul class=\"wp-block-list\"><\/ul>\n\n\n\n<p><\/p>","protected":false},"excerpt":{"rendered":"<p>Correcci\u00f3n ortotipogr\u00e1fica y de estilo Perfeccionamos tu redacci\u00f3n, gram\u00e1tica y coherencia. Normas de citado y referenciaci\u00f3n (APA, ABNT, ISO&#8230;) Verificamos formato, citas y bibliograf\u00eda. Acompa\u00f1amiento metodol\u00f3gico Te guiamos en la construcci\u00f3n de cap\u00edtulos, objetivos y an\u00e1lisis. Tutor\u00eda personalizada Te orientamos durante todo el proceso de escritura.<\/p>","protected":false},"author":1,"featured_media":0,"parent":0,"menu_order":0,"comment_status":"closed","ping_status":"closed","template":"","meta":{"footnotes":""},"class_list":["post-242","page","type-page","status-publish","hentry"],"yoast_head":"<!-- This site is optimized with the Yoast SEO plugin v27.3 - https:\/\/yoast.com\/product\/yoast-seo-wordpress\/ -->\n<title>IES VIRTUAL - CONSULTORA EDUCATIVA | Asesor\u00eda Acad\u00e9mica<\/title>\n<meta name=\"description\" content=\"Te ayudamos a mejorar tu trabajo acad\u00e9mico. Correcci\u00f3n ortotipogr\u00e1fica y de estilo. Perfeccionamos tu redacci\u00f3n, gram\u00e1tica y coherencia. Normas de citado y referenciaci\u00f3n (APA, ABNT, ISO...)Verificamos formato, citas y bibliograf\u00eda. Acompa\u00f1amiento metodol\u00f3gico. Te guiamos en la construcci\u00f3n de cap\u00edtulos, objetivos y an\u00e1lisis. Tutor\u00eda personalizada. Te orientamos durante todo el proceso de escritura.\" \/>\n<meta name=\"robots\" content=\"index, follow, max-snippet:-1, max-image-preview:large, max-video-preview:-1\" \/>\n<link rel=\"canonical\" href=\"https:\/\/www.iesvirtual.net\/gl\/asesoria-academica\/\" \/>\n<meta property=\"og:locale\" content=\"gl_ES\" \/>\n<meta property=\"og:type\" content=\"article\" \/>\n<meta property=\"og:title\" content=\"IES VIRTUAL - CONSULTORA EDUCATIVA | Asesor\u00eda Acad\u00e9mica\" \/>\n<meta property=\"og:description\" content=\"Te ayudamos a mejorar tu trabajo acad\u00e9mico. Correcci\u00f3n ortotipogr\u00e1fica y de estilo. Perfeccionamos tu redacci\u00f3n, gram\u00e1tica y coherencia. Normas de citado y referenciaci\u00f3n (APA, ABNT, ISO...)Verificamos formato, citas y bibliograf\u00eda. Acompa\u00f1amiento metodol\u00f3gico. Te guiamos en la construcci\u00f3n de cap\u00edtulos, objetivos y an\u00e1lisis. Tutor\u00eda personalizada. Te orientamos durante todo el proceso de escritura.\" \/>\n<meta property=\"og:url\" content=\"https:\/\/www.iesvirtual.net\/gl\/asesoria-academica\/\" \/>\n<meta property=\"og:site_name\" content=\"IES VIRTUAL - CONSULTORA EDUCATIVA\" \/>\n<meta property=\"article:modified_time\" content=\"2025-10-05T19:14:01+00:00\" \/>\n<meta property=\"og:image\" content=\"https:\/\/www.iesvirtual.net\/wp-content\/uploads\/2025\/10\/from-man-enjoying-reading-wooden-floor-scaled.jpg\" \/>\n\t<meta property=\"og:image:width\" content=\"1707\" \/>\n\t<meta property=\"og:image:height\" content=\"2560\" \/>\n\t<meta property=\"og:image:type\" content=\"image\/jpeg\" \/>\n<meta name=\"twitter:card\" content=\"summary_large_image\" \/>\n<meta name=\"twitter:site\" content=\"@lexandret\" \/>\n<meta name=\"twitter:label1\" content=\"Tempo de lectura\" \/>\n\t<meta name=\"twitter:data1\" content=\"1 minuto\" \/>\n<script type=\"application\/ld+json\" class=\"yoast-schema-graph\">{\"@context\":\"https:\\\/\\\/schema.org\",\"@graph\":[{\"@type\":\"WebPage\",\"@id\":\"https:\\\/\\\/www.iesvirtual.net\\\/asesoria-academica\\\/\",\"url\":\"https:\\\/\\\/www.iesvirtual.net\\\/asesoria-academica\\\/\",\"name\":\"IES VIRTUAL - CONSULTORA EDUCATIVA | Asesor\u00eda Acad\u00e9mica\",\"isPartOf\":{\"@id\":\"https:\\\/\\\/www.iesvirtual.net\\\/#website\"},\"primaryImageOfPage\":{\"@id\":\"https:\\\/\\\/www.iesvirtual.net\\\/asesoria-academica\\\/#primaryimage\"},\"image\":{\"@id\":\"https:\\\/\\\/www.iesvirtual.net\\\/asesoria-academica\\\/#primaryimage\"},\"thumbnailUrl\":\"https:\\\/\\\/www.iesvirtual.net\\\/wp-content\\\/uploads\\\/2025\\\/10\\\/from-man-enjoying-reading-wooden-floor-683x1024.jpg\",\"datePublished\":\"2025-10-05T18:52:44+00:00\",\"dateModified\":\"2025-10-05T19:14:01+00:00\",\"description\":\"Te ayudamos a mejorar tu trabajo acad\u00e9mico. Correcci\u00f3n ortotipogr\u00e1fica y de estilo. Perfeccionamos tu redacci\u00f3n, gram\u00e1tica y coherencia. Normas de citado y referenciaci\u00f3n (APA, ABNT, ISO...)Verificamos formato, citas y bibliograf\u00eda. Acompa\u00f1amiento metodol\u00f3gico. Te guiamos en la construcci\u00f3n de cap\u00edtulos, objetivos y an\u00e1lisis. Tutor\u00eda personalizada. Te orientamos durante todo el proceso de escritura.\",\"breadcrumb\":{\"@id\":\"https:\\\/\\\/www.iesvirtual.net\\\/asesoria-academica\\\/#breadcrumb\"},\"inLanguage\":\"gl-ES\",\"potentialAction\":[{\"@type\":\"ReadAction\",\"target\":[\"https:\\\/\\\/www.iesvirtual.net\\\/asesoria-academica\\\/\"]}]},{\"@type\":\"ImageObject\",\"inLanguage\":\"gl-ES\",\"@id\":\"https:\\\/\\\/www.iesvirtual.net\\\/asesoria-academica\\\/#primaryimage\",\"url\":\"https:\\\/\\\/www.iesvirtual.net\\\/wp-content\\\/uploads\\\/2025\\\/10\\\/from-man-enjoying-reading-wooden-floor-683x1024.jpg\",\"contentUrl\":\"https:\\\/\\\/www.iesvirtual.net\\\/wp-content\\\/uploads\\\/2025\\\/10\\\/from-man-enjoying-reading-wooden-floor-683x1024.jpg\"},{\"@type\":\"BreadcrumbList\",\"@id\":\"https:\\\/\\\/www.iesvirtual.net\\\/asesoria-academica\\\/#breadcrumb\",\"itemListElement\":[{\"@type\":\"ListItem\",\"position\":1,\"name\":\"Portada\",\"item\":\"https:\\\/\\\/www.iesvirtual.net\\\/\"},{\"@type\":\"ListItem\",\"position\":2,\"name\":\"Asesor\u00eda Acad\u00e9mica\"}]},{\"@type\":\"WebSite\",\"@id\":\"https:\\\/\\\/www.iesvirtual.net\\\/#website\",\"url\":\"https:\\\/\\\/www.iesvirtual.net\\\/\",\"name\":\"IES VIRTUAL - CONSULTORA EDUCATIVA\",\"description\":\"Lic. Alexandre Texeira Bondelas, MEd.\",\"publisher\":{\"@id\":\"https:\\\/\\\/www.iesvirtual.net\\\/#\\\/schema\\\/person\\\/30a390f59aff79705956fe5f713df4de\"},\"alternateName\":\"IESVIRTUAL\",\"potentialAction\":[{\"@type\":\"SearchAction\",\"target\":{\"@type\":\"EntryPoint\",\"urlTemplate\":\"https:\\\/\\\/www.iesvirtual.net\\\/?s={search_term_string}\"},\"query-input\":{\"@type\":\"PropertyValueSpecification\",\"valueRequired\":true,\"valueName\":\"search_term_string\"}}],\"inLanguage\":\"gl-ES\"},{\"@type\":[\"Person\",\"Organization\"],\"@id\":\"https:\\\/\\\/www.iesvirtual.net\\\/#\\\/schema\\\/person\\\/30a390f59aff79705956fe5f713df4de\",\"name\":\"Alexandre Texeira Bondelas\",\"image\":{\"@type\":\"ImageObject\",\"inLanguage\":\"gl-ES\",\"@id\":\"https:\\\/\\\/www.iesvirtual.net\\\/wp-content\\\/uploads\\\/2024\\\/08\\\/3-IESVITUAL-sinbg.png\",\"url\":\"https:\\\/\\\/www.iesvirtual.net\\\/wp-content\\\/uploads\\\/2024\\\/08\\\/3-IESVITUAL-sinbg.png\",\"contentUrl\":\"https:\\\/\\\/www.iesvirtual.net\\\/wp-content\\\/uploads\\\/2024\\\/08\\\/3-IESVITUAL-sinbg.png\",\"width\":500,\"height\":500,\"caption\":\"Alexandre Texeira Bondelas\"},\"logo\":{\"@id\":\"https:\\\/\\\/www.iesvirtual.net\\\/wp-content\\\/uploads\\\/2024\\\/08\\\/3-IESVITUAL-sinbg.png\"},\"description\":\"Es licenciado en educaci\u00f3n por la Universidad de la Rep\u00fablica (Uruguay), Candidato a M\u00e1ster Universitario en Investigaci\u00f3n Educativa por la Universidad Internacional de Valencia(Espa\u00f1a).\",\"sameAs\":[\"https:\\\/\\\/www.linkedin.com\\\/in\\\/atexeira\\\/\",\"https:\\\/\\\/x.com\\\/lexandret\"]}]}<\/script>\n<!-- \/ Yoast SEO plugin. -->","yoast_head_json":{"title":"IES VIRTUAL - CONSULTORA EDUCATIVA | Asesor\u00eda Acad\u00e9mica","description":"Te ayudamos a mejorar tu trabajo acad\u00e9mico. Correcci\u00f3n ortotipogr\u00e1fica y de estilo. Perfeccionamos tu redacci\u00f3n, gram\u00e1tica y coherencia. Normas de citado y referenciaci\u00f3n (APA, ABNT, ISO...)Verificamos formato, citas y bibliograf\u00eda. Acompa\u00f1amiento metodol\u00f3gico. Te guiamos en la construcci\u00f3n de cap\u00edtulos, objetivos y an\u00e1lisis. Tutor\u00eda personalizada. Te orientamos durante todo el proceso de escritura.","robots":{"index":"index","follow":"follow","max-snippet":"max-snippet:-1","max-image-preview":"max-image-preview:large","max-video-preview":"max-video-preview:-1"},"canonical":"https:\/\/www.iesvirtual.net\/gl\/asesoria-academica\/","og_locale":"gl_ES","og_type":"article","og_title":"IES VIRTUAL - CONSULTORA EDUCATIVA | Asesor\u00eda Acad\u00e9mica","og_description":"Te ayudamos a mejorar tu trabajo acad\u00e9mico. Correcci\u00f3n ortotipogr\u00e1fica y de estilo. Perfeccionamos tu redacci\u00f3n, gram\u00e1tica y coherencia. Normas de citado y referenciaci\u00f3n (APA, ABNT, ISO...)Verificamos formato, citas y bibliograf\u00eda. Acompa\u00f1amiento metodol\u00f3gico. Te guiamos en la construcci\u00f3n de cap\u00edtulos, objetivos y an\u00e1lisis. Tutor\u00eda personalizada. Te orientamos durante todo el proceso de escritura.","og_url":"https:\/\/www.iesvirtual.net\/gl\/asesoria-academica\/","og_site_name":"IES VIRTUAL - CONSULTORA EDUCATIVA","article_modified_time":"2025-10-05T19:14:01+00:00","og_image":[{"width":1707,"height":2560,"url":"https:\/\/www.iesvirtual.net\/wp-content\/uploads\/2025\/10\/from-man-enjoying-reading-wooden-floor-scaled.jpg","type":"image\/jpeg"}],"twitter_card":"summary_large_image","twitter_site":"@lexandret","twitter_misc":{"Tempo de lectura":"1 minuto"},"schema":{"@context":"https:\/\/schema.org","@graph":[{"@type":"WebPage","@id":"https:\/\/www.iesvirtual.net\/asesoria-academica\/","url":"https:\/\/www.iesvirtual.net\/asesoria-academica\/","name":"IES VIRTUAL - CONSULTORA EDUCATIVA | Asesor\u00eda Acad\u00e9mica","isPartOf":{"@id":"https:\/\/www.iesvirtual.net\/#website"},"primaryImageOfPage":{"@id":"https:\/\/www.iesvirtual.net\/asesoria-academica\/#primaryimage"},"image":{"@id":"https:\/\/www.iesvirtual.net\/asesoria-academica\/#primaryimage"},"thumbnailUrl":"https:\/\/www.iesvirtual.net\/wp-content\/uploads\/2025\/10\/from-man-enjoying-reading-wooden-floor-683x1024.jpg","datePublished":"2025-10-05T18:52:44+00:00","dateModified":"2025-10-05T19:14:01+00:00","description":"Te ayudamos a mejorar tu trabajo acad\u00e9mico. Correcci\u00f3n ortotipogr\u00e1fica y de estilo. Perfeccionamos tu redacci\u00f3n, gram\u00e1tica y coherencia. Normas de citado y referenciaci\u00f3n (APA, ABNT, ISO...)Verificamos formato, citas y bibliograf\u00eda. Acompa\u00f1amiento metodol\u00f3gico. Te guiamos en la construcci\u00f3n de cap\u00edtulos, objetivos y an\u00e1lisis. Tutor\u00eda personalizada. Te orientamos durante todo el proceso de escritura.","breadcrumb":{"@id":"https:\/\/www.iesvirtual.net\/asesoria-academica\/#breadcrumb"},"inLanguage":"gl-ES","potentialAction":[{"@type":"ReadAction","target":["https:\/\/www.iesvirtual.net\/asesoria-academica\/"]}]},{"@type":"ImageObject","inLanguage":"gl-ES","@id":"https:\/\/www.iesvirtual.net\/asesoria-academica\/#primaryimage","url":"https:\/\/www.iesvirtual.net\/wp-content\/uploads\/2025\/10\/from-man-enjoying-reading-wooden-floor-683x1024.jpg","contentUrl":"https:\/\/www.iesvirtual.net\/wp-content\/uploads\/2025\/10\/from-man-enjoying-reading-wooden-floor-683x1024.jpg"},{"@type":"BreadcrumbList","@id":"https:\/\/www.iesvirtual.net\/asesoria-academica\/#breadcrumb","itemListElement":[{"@type":"ListItem","position":1,"name":"Portada","item":"https:\/\/www.iesvirtual.net\/"},{"@type":"ListItem","position":2,"name":"Asesor\u00eda Acad\u00e9mica"}]},{"@type":"WebSite","@id":"https:\/\/www.iesvirtual.net\/#website","url":"https:\/\/www.iesvirtual.net\/","name":"IES VIRTUAL - CONSULTORA EDUCATIVA","description":"Lic. Alexandre Texeira Bondelas, MEd.","publisher":{"@id":"https:\/\/www.iesvirtual.net\/#\/schema\/person\/30a390f59aff79705956fe5f713df4de"},"alternateName":"IESVIRTUAL","potentialAction":[{"@type":"SearchAction","target":{"@type":"EntryPoint","urlTemplate":"https:\/\/www.iesvirtual.net\/?s={search_term_string}"},"query-input":{"@type":"PropertyValueSpecification","valueRequired":true,"valueName":"search_term_string"}}],"inLanguage":"gl-ES"},{"@type":["Person","Organization"],"@id":"https:\/\/www.iesvirtual.net\/#\/schema\/person\/30a390f59aff79705956fe5f713df4de","name":"Alexandre Texeira Bondelas","image":{"@type":"ImageObject","inLanguage":"gl-ES","@id":"https:\/\/www.iesvirtual.net\/wp-content\/uploads\/2024\/08\/3-IESVITUAL-sinbg.png","url":"https:\/\/www.iesvirtual.net\/wp-content\/uploads\/2024\/08\/3-IESVITUAL-sinbg.png","contentUrl":"https:\/\/www.iesvirtual.net\/wp-content\/uploads\/2024\/08\/3-IESVITUAL-sinbg.png","width":500,"height":500,"caption":"Alexandre Texeira Bondelas"},"logo":{"@id":"https:\/\/www.iesvirtual.net\/wp-content\/uploads\/2024\/08\/3-IESVITUAL-sinbg.png"},"description":"Es licenciado en educaci\u00f3n por la Universidad de la Rep\u00fablica (Uruguay), Candidato a M\u00e1ster Universitario en Investigaci\u00f3n Educativa por la Universidad Internacional de Valencia(Espa\u00f1a).","sameAs":["https:\/\/www.linkedin.com\/in\/atexeira\/","https:\/\/x.com\/lexandret"]}]}},"_links":{"self":[{"href":"https:\/\/www.iesvirtual.net\/gl\/wp-json\/wp\/v2\/pages\/242","targetHints":{"allow":["GET"]}}],"collection":[{"href":"https:\/\/www.iesvirtual.net\/gl\/wp-json\/wp\/v2\/pages"}],"about":[{"href":"https:\/\/www.iesvirtual.net\/gl\/wp-json\/wp\/v2\/types\/page"}],"author":[{"embeddable":true,"href":"https:\/\/www.iesvirtual.net\/gl\/wp-json\/wp\/v2\/users\/1"}],"replies":[{"embeddable":true,"href":"https:\/\/www.iesvirtual.net\/gl\/wp-json\/wp\/v2\/comments?post=242"}],"version-history":[{"count":6,"href":"https:\/\/www.iesvirtual.net\/gl\/wp-json\/wp\/v2\/pages\/242\/revisions"}],"predecessor-version":[{"id":253,"href":"https:\/\/www.iesvirtual.net\/gl\/wp-json\/wp\/v2\/pages\/242\/revisions\/253"}],"wp:attachment":[{"href":"https:\/\/www.iesvirtual.net\/gl\/wp-json\/wp\/v2\/media?parent=242"}],"curies":[{"name":"wp","href":"https:\/\/api.w.org\/{rel}","templated":true}]}}